{"id":9889,"date":"2025-01-23T22:16:22","date_gmt":"2025-01-23T22:16:22","guid":{"rendered":"https:\/\/comcellstore.com\/?post_type=product&#038;p=9889"},"modified":"2025-02-26T20:03:57","modified_gmt":"2025-02-26T20:03:57","slug":"motherboard-amd-450","status":"publish","type":"product","link":"https:\/\/comcellstore.com\/?product=motherboard-amd-450","title":{"rendered":"BOETEC <br>AMD 450"},"content":{"rendered":"<ul>\n<li>Soporte de CPU : Soporta AMD AM4 Socket Ryzen series 3000, 4000 y 5000<\/li>\n<\/ul>\n<ul>\n<li>Soporte de memoria : 4 ranuras DIMM, DDR4 de doble canal, 64 GB<\/li>\n<\/ul>\n<ul>\n<li>Soporte de almacenamiento : 2 x puerto SATA, 1 x lote M.2<\/li>\n<\/ul>\n<ul>\n<li>Ranuras de expansi\u00f3n : 1 PCI-Ex 16, 1 PCI-Ex4, 1 PCI-Ex 1<\/li>\n<\/ul>\n<ul>\n<li>LAN : Realtek 10\/100 Mbps<\/li>\n<\/ul>\n<ul>\n<li>Audio : Realtek HD audio<\/li>\n<\/ul>\n<ul>\n<li>E\/S del panel posterior : 2 PS\/2, 1 HDMI, 1xDVI, 1 VGA, 4 USB 3.0, 1 puerto LAN (RJ45), 3 conectores de audio<\/li>\n<\/ul>\n<ul>\n<li>Conectores en placa : 1 conector USB 2.0 que admite 2 puertos USB 2.0 adicionales, 1 conector USB 3.0 que admite 2 puertos USB 3.0 adicionales, 1 x conector de audio del panel frontal, 1 conector de ventilador de CPU de 4 pines, 1 x conector de ventilador SYS de 3 pines, 1 conector de alimentaci\u00f3n ATX de 24 pines, 1 conector de alimentaci\u00f3n ATX de 12 V de 4 pines, 1 x conector del panel frontal, 1 x conector de altavoz.<\/li>\n<\/ul>\n<ul>\n<li>Actor de forma : MicroATX 25cm*22cm<\/li>\n<\/ul>\n","protected":false},"excerpt":{"rendered":"<h2 class=\"product_title entry-title elementor-heading-title elementor-size-default\"><span style=\"color: #33cccc;\">Motherboard AMD 450<\/span><\/h2>\n<p>La placa Boetec AMD B50 (AM450) para juegos, es una opci\u00f3n ideal para quienes buscan una soluci\u00f3n eficiente y econ\u00f3mica para sus PCs. Compatible con procesadores Ryzen AMD<\/p>\n","protected":false},"featured_media":9890,"comment_status":"closed","ping_status":"closed","template":"","meta":[],"product_brand":[126],"product_cat":[120,57,121],"product_tag":[],"class_list":{"0":"post-9889","1":"product","2":"type-product","3":"status-publish","4":"has-post-thumbnail","6":"product_brand-boetec","7":"product_cat-boetec","8":"product_cat-auricularesteclados-mecanicos-ratones","9":"product_cat-placa-madre","11":"first","12":"outofstock","13":"taxable","14":"shipping-taxable","15":"purchasable","16":"product-type-simple"},"_links":{"self":[{"href":"https:\/\/comcellstore.com\/index.php?rest_route=\/wp\/v2\/product\/9889","targetHints":{"allow":["GET"]}}],"collection":[{"href":"https:\/\/comcellstore.com\/index.php?rest_route=\/wp\/v2\/product"}],"about":[{"href":"https:\/\/comcellstore.com\/index.php?rest_route=\/wp\/v2\/types\/product"}],"replies":[{"embeddable":true,"href":"https:\/\/comcellstore.com\/index.php?rest_route=%2Fwp%2Fv2%2Fcomments&post=9889"}],"version-history":[{"count":4,"href":"https:\/\/comcellstore.com\/index.php?rest_route=\/wp\/v2\/product\/9889\/revisions"}],"predecessor-version":[{"id":10035,"href":"https:\/\/comcellstore.com\/index.php?rest_route=\/wp\/v2\/product\/9889\/revisions\/10035"}],"wp:featuredmedia":[{"embeddable":true,"href":"https:\/\/comcellstore.com\/index.php?rest_route=\/wp\/v2\/media\/9890"}],"wp:attachment":[{"href":"https:\/\/comcellstore.com\/index.php?rest_route=%2Fwp%2Fv2%2Fmedia&parent=9889"}],"wp:term":[{"taxonomy":"product_brand","embeddable":true,"href":"https:\/\/comcellstore.com\/index.php?rest_route=%2Fwp%2Fv2%2Fproduct_brand&post=9889"},{"taxonomy":"product_cat","embeddable":true,"href":"https:\/\/comcellstore.com\/index.php?rest_route=%2Fwp%2Fv2%2Fproduct_cat&post=9889"},{"taxonomy":"product_tag","embeddable":true,"href":"https:\/\/comcellstore.com\/index.php?rest_route=%2Fwp%2Fv2%2Fproduct_tag&post=9889"}],"curies":[{"name":"wp","href":"https:\/\/api.w.org\/{rel}","templated":true}]}}