{"id":9927,"date":"2025-01-24T20:50:17","date_gmt":"2025-01-24T20:50:17","guid":{"rendered":"https:\/\/comcellstore.com\/?post_type=product&#038;p=9927"},"modified":"2025-05-27T21:44:08","modified_gmt":"2025-05-27T21:44:08","slug":"switch-de-5-puertos-vlt-s05","status":"publish","type":"product","link":"https:\/\/comcellstore.com\/?product=switch-de-5-puertos-vlt-s05","title":{"rendered":"VOLT <br>VLT-S05"},"content":{"rendered":"<ul>\n<li>Funci\u00f3n de PLUG-AND-PLAY configuraci\u00f3n sencilla sin necesidad de configuraci\u00f3n ni de software.<\/li>\n<li>Cuenta con 5 puertos Gigabit ethernet de 10\/100\/1000 Mbps con negociaci\u00f3n autom\u00e1tica y admite Auto-MDI \/ MDIX, eliminando la necesidad de cables cruzados.<\/li>\n<li>Splitter Ethernet: Conectividad a su router o m\u00f3dem para conexiones por cable adicionales (computadora port\u00e1til, consola de juegos, impresora, etc.).<\/li>\n<li>Agradable y peque\u00f1o, El VLT-S05 mide 4 pulgadas x 2.5 pulgadas, ocupa un espacio m\u00ednimo y ofrece la m\u00e1xima eficiencia.<\/li>\n<li>Control de flujo full duplex para evitar errores y el bloqueo de puertos.<\/li>\n<\/ul>\n","protected":false},"excerpt":{"rendered":"<h2><span style=\"color: #33cccc;\"><strong>Switch Gigabit no administrable, 5 puertos Gigabit, Dise\u00f1o de escritorio, Plug and play<\/strong><\/span><\/h2>\n<p>Nuestro switch Gigabit de sobremesa de 5 puertos ideal para peque\u00f1as oficinas y oficinas dom\u00e9sticas. Proporciona 5 puertos de 10\/100\/1000 Mbps con negociaci\u00f3n autom\u00e1tica, lo que permite utilizarlo para establecer una red LAN o ampliar una red de v\u00ednculo superior. En comparaci\u00f3n con un switch de 100 Mbps, ofrece una velocidad de transmisi\u00f3n hasta 10 veces m\u00e1s r\u00e1pida, evitando los cuellos de botella del ancho de banda en cascada. Puede montarse en escritorio o en pared. No requiere configuraci\u00f3n<span style=\"color: #000000; font-family: Alata, serif;\"><span style=\"font-size: 18px;\">.<\/span><\/span><\/p>\n","protected":false},"featured_media":9911,"comment_status":"closed","ping_status":"closed","template":"","meta":[],"product_brand":[125],"product_cat":[54,75,122],"product_tag":[],"class_list":{"0":"post-9927","1":"product","2":"type-product","3":"status-publish","4":"has-post-thumbnail","6":"product_brand-volt","7":"product_cat-routers-switch-repetidor-universal-adaptadores","8":"product_cat-switch","9":"product_cat-volt","11":"first","12":"instock","13":"taxable","14":"shipping-taxable","15":"purchasable","16":"product-type-simple"},"_links":{"self":[{"href":"https:\/\/comcellstore.com\/index.php?rest_route=\/wp\/v2\/product\/9927","targetHints":{"allow":["GET"]}}],"collection":[{"href":"https:\/\/comcellstore.com\/index.php?rest_route=\/wp\/v2\/product"}],"about":[{"href":"https:\/\/comcellstore.com\/index.php?rest_route=\/wp\/v2\/types\/product"}],"replies":[{"embeddable":true,"href":"https:\/\/comcellstore.com\/index.php?rest_route=%2Fwp%2Fv2%2Fcomments&post=9927"}],"version-history":[{"count":2,"href":"https:\/\/comcellstore.com\/index.php?rest_route=\/wp\/v2\/product\/9927\/revisions"}],"predecessor-version":[{"id":10013,"href":"https:\/\/comcellstore.com\/index.php?rest_route=\/wp\/v2\/product\/9927\/revisions\/10013"}],"wp:featuredmedia":[{"embeddable":true,"href":"https:\/\/comcellstore.com\/index.php?rest_route=\/wp\/v2\/media\/9911"}],"wp:attachment":[{"href":"https:\/\/comcellstore.com\/index.php?rest_route=%2Fwp%2Fv2%2Fmedia&parent=9927"}],"wp:term":[{"taxonomy":"product_brand","embeddable":true,"href":"https:\/\/comcellstore.com\/index.php?rest_route=%2Fwp%2Fv2%2Fproduct_brand&post=9927"},{"taxonomy":"product_cat","embeddable":true,"href":"https:\/\/comcellstore.com\/index.php?rest_route=%2Fwp%2Fv2%2Fproduct_cat&post=9927"},{"taxonomy":"product_tag","embeddable":true,"href":"https:\/\/comcellstore.com\/index.php?rest_route=%2Fwp%2Fv2%2Fproduct_tag&post=9927"}],"curies":[{"name":"wp","href":"https:\/\/api.w.org\/{rel}","templated":true}]}}