{"id":9947,"date":"2025-01-31T22:03:47","date_gmt":"2025-01-31T22:03:47","guid":{"rendered":"https:\/\/comcellstore.com\/?post_type=product&#038;p=9947"},"modified":"2025-02-26T20:02:26","modified_gmt":"2025-02-26T20:02:26","slug":"ac2100-dual-band-gigabit-wifi-router-ac23","status":"publish","type":"product","link":"https:\/\/comcellstore.com\/?product=ac2100-dual-band-gigabit-wifi-router-ac23","title":{"rendered":"TENDA <br> AC23"},"content":{"rendered":"<p><strong>Router Wi-Fi Dual Band AC2100<\/strong><\/p>\n<ul>\n<li>4 puertos Gigabit Ethernet de 10\/100\/1000 Mbps (1 puerto \u00a0WAN y 3 puertos LAN)<\/li>\n<li>7 antenas externas 6 dBi<\/li>\n<li>Cifrado: WPA\/WPA2, WPA-PSK\/WPA2-PSK<\/li>\n<li>Procesador 1 GHz Coprocesador 500 Mhz<\/li>\n<li>Certificaci\u00f3n: CE\/FCC\/RoHS<\/li>\n<li>Dimensiones: 238,9 x 144,3 x 40,3 mm<\/li>\n<li>Seguridad inal\u00e1mbrica<br \/>\nWPA-PSK\/WPA2-PSK, WPA\/WPA2<br \/>\nWireless Security: Enable\/Disable<br \/>\nWPS(WiFi Protected Set-up) fast encryption<\/li>\n<li>Velocidad<br \/>\n5GHz: Up to 1733Mbps<br \/>\n2.4GHz: Up to 300Mbps<\/li>\n<li>Frecuencia<br \/>\nUnificadas\/Independientes dual band 2.4 &amp; 5GHz<\/li>\n<li>Potencia de transmisi\u00f3nCE:<br \/>\n&lt;20dBm(2.4G)<br \/>\n&lt;23dBm(5G)<br \/>\nFCC:<br \/>\n&lt;30dBm<\/li>\n<\/ul>\n","protected":false},"excerpt":{"rendered":"<h2 class=\"product_title entry-title\"><span style=\"color: #33cccc;\">Router Tenda Rompemuros AC23 Doble Banda<\/span><\/h2>\n<p>Es un router inal\u00e1mbrico de doble banda gigabit especialmente dise\u00f1ado para hogares con acceso a Internet de alta velocidad. Es compatible con la tecnolog\u00eda 802.11ac wave2 y proporciona una velocidad WiFi de hasta 2033Mbps (2.4 GHz: 300Mbps, 5GHz: 1733Mbps) para lograr el mejor rendimiento para su conexi\u00f3n a internet de fibra. Alimentado por la tecnolog\u00eda 4X4 MU-MIMO de banda 5GHz, proporciona una cobertura WiFi m\u00e1s amplia y una velocidad WiFi m\u00e1s r\u00e1pida que los enrutadores normales con tecnolog\u00eda 3X3 MU-MIMO. Equipado con puertos gigabit completos, admite acceso de ancho de banda de hasta 1000Mbps. La CPU de 28 nm a 1 GHz equipada con un coprocesador de 500 MHz, dise\u00f1o de doble n\u00facleo brinda una velocidad de procesamiento m\u00e1s r\u00e1pida y proporciona un funcionamiento optimizado. Presentado con antenas externas de 7 * 6dBi, AC23 supera en rendimiento y capacidad de penetraci\u00f3n en la pared.<\/p>\n","protected":false},"featured_media":8430,"comment_status":"closed","ping_status":"closed","template":"","meta":[],"product_brand":[123],"product_cat":[54,74],"product_tag":[],"class_list":{"0":"post-9947","1":"product","2":"type-product","3":"status-publish","4":"has-post-thumbnail","6":"product_brand-tenda","7":"product_cat-routers-switch-repetidor-universal-adaptadores","8":"product_cat-routers","10":"first","11":"outofstock","12":"taxable","13":"shipping-taxable","14":"purchasable","15":"product-type-simple"},"_links":{"self":[{"href":"https:\/\/comcellstore.com\/index.php?rest_route=\/wp\/v2\/product\/9947","targetHints":{"allow":["GET"]}}],"collection":[{"href":"https:\/\/comcellstore.com\/index.php?rest_route=\/wp\/v2\/product"}],"about":[{"href":"https:\/\/comcellstore.com\/index.php?rest_route=\/wp\/v2\/types\/product"}],"replies":[{"embeddable":true,"href":"https:\/\/comcellstore.com\/index.php?rest_route=%2Fwp%2Fv2%2Fcomments&post=9947"}],"version-history":[{"count":4,"href":"https:\/\/comcellstore.com\/index.php?rest_route=\/wp\/v2\/product\/9947\/revisions"}],"predecessor-version":[{"id":10010,"href":"https:\/\/comcellstore.com\/index.php?rest_route=\/wp\/v2\/product\/9947\/revisions\/10010"}],"wp:featuredmedia":[{"embeddable":true,"href":"https:\/\/comcellstore.com\/index.php?rest_route=\/wp\/v2\/media\/8430"}],"wp:attachment":[{"href":"https:\/\/comcellstore.com\/index.php?rest_route=%2Fwp%2Fv2%2Fmedia&parent=9947"}],"wp:term":[{"taxonomy":"product_brand","embeddable":true,"href":"https:\/\/comcellstore.com\/index.php?rest_route=%2Fwp%2Fv2%2Fproduct_brand&post=9947"},{"taxonomy":"product_cat","embeddable":true,"href":"https:\/\/comcellstore.com\/index.php?rest_route=%2Fwp%2Fv2%2Fproduct_cat&post=9947"},{"taxonomy":"product_tag","embeddable":true,"href":"https:\/\/comcellstore.com\/index.php?rest_route=%2Fwp%2Fv2%2Fproduct_tag&post=9947"}],"curies":[{"name":"wp","href":"https:\/\/api.w.org\/{rel}","templated":true}]}}