{"id":9960,"date":"2025-02-03T20:25:39","date_gmt":"2025-02-03T20:25:39","guid":{"rendered":"https:\/\/comcellstore.com\/?post_type=product&#038;p=9960"},"modified":"2025-05-27T21:42:35","modified_gmt":"2025-05-27T21:42:35","slug":"router-de-doble-banda-ac1200-mw3-3-pack","status":"publish","type":"product","link":"https:\/\/comcellstore.com\/?product=router-de-doble-banda-ac1200-mw3-3-pack","title":{"rendered":"TENDA <br>MW3 (3-pack)"},"content":{"rendered":"<ul>\n<li class=\"prc2 col-two-one\">Interfaz ethernet : 2 x 10\/100Mbps RJ45 puertos por nodo<\/li>\n<li>\n<div class=\"prc2 col-two-one\">Antena : 2 x antena interna<\/div>\n<\/li>\n<li>\n<div class=\"prc2 col-two-one\">Indicador LED : 1 x Tri-color LED<\/div>\n<\/li>\n<li>\n<div class=\"prc2 col-two-one\">Est\u00e1ndar inal\u00e1mbrico : IEEE802.11a\/b\/g\/n\/ac (WiFi 5 wave 2)<\/div>\n<\/li>\n<li>\n<div class=\"prc2 col-two-one\">Velocidad<\/div>\n<div class=\"prc2 col-two-two\">2.4GHz: 300Mbps<br \/>\n5GHz: 867Mbps<\/div>\n<\/li>\n<li>\n<div class=\"prc2 col-two-one\">Frecuencia<\/div>\n<div class=\"prc2 col-two-two\">2.4~2.4835GHz<br \/>\n5.15~5.25GHz<br \/>\n5.725~5.85GHz<\/div>\n<\/li>\n<li>Caracter\u00edsticas b\u00e1sicas : Transmisi\u00f3n SSID, formaci\u00f3n de vigas MU-MIMO, direcci\u00f3n IP, direcci\u00f3n de banda.<\/li>\n<\/ul>\n","protected":false},"excerpt":{"rendered":"<h2><span style=\"color: #33cccc;\">Sistema WiFi en malla para el hogar<\/span><\/h2>\n<p>Con la tecnolog\u00eda de malla MW3 crea una red WiFi distribuida que cubre hasta 300<span class=\"Y2IQFc\" lang=\"es\">\u33a1, eliminando las zonas muertas de WiFi en su hogar. Con la tecnolog\u00eda MU-MIMO, MW3 admite m\u00e1s dispositivos habilitados para WiFi. Y la QoS inteligente asigna ancho de banda de manera inteligente para garantizar una transmisi\u00f3n, juegos, descargas y chat de video ininterrumpidos al mismo tiempo.<\/span><\/p>\n<p>MW3 ofrece una velocidad de datos de hasta 1200 Mbps y prioriza el acceso a la red de 5GHz, lo que le permite disfrutar de videos 4K HD sin demoras.<\/p>\n","protected":false},"featured_media":9961,"comment_status":"closed","ping_status":"closed","template":"","meta":[],"product_brand":[123],"product_cat":[54,74],"product_tag":[],"class_list":{"0":"post-9960","1":"product","2":"type-product","3":"status-publish","4":"has-post-thumbnail","6":"product_brand-tenda","7":"product_cat-routers-switch-repetidor-universal-adaptadores","8":"product_cat-routers","10":"first","11":"instock","12":"taxable","13":"shipping-taxable","14":"purchasable","15":"product-type-simple"},"_links":{"self":[{"href":"https:\/\/comcellstore.com\/index.php?rest_route=\/wp\/v2\/product\/9960","targetHints":{"allow":["GET"]}}],"collection":[{"href":"https:\/\/comcellstore.com\/index.php?rest_route=\/wp\/v2\/product"}],"about":[{"href":"https:\/\/comcellstore.com\/index.php?rest_route=\/wp\/v2\/types\/product"}],"replies":[{"embeddable":true,"href":"https:\/\/comcellstore.com\/index.php?rest_route=%2Fwp%2Fv2%2Fcomments&post=9960"}],"version-history":[{"count":4,"href":"https:\/\/comcellstore.com\/index.php?rest_route=\/wp\/v2\/product\/9960\/revisions"}],"predecessor-version":[{"id":10008,"href":"https:\/\/comcellstore.com\/index.php?rest_route=\/wp\/v2\/product\/9960\/revisions\/10008"}],"wp:featuredmedia":[{"embeddable":true,"href":"https:\/\/comcellstore.com\/index.php?rest_route=\/wp\/v2\/media\/9961"}],"wp:attachment":[{"href":"https:\/\/comcellstore.com\/index.php?rest_route=%2Fwp%2Fv2%2Fmedia&parent=9960"}],"wp:term":[{"taxonomy":"product_brand","embeddable":true,"href":"https:\/\/comcellstore.com\/index.php?rest_route=%2Fwp%2Fv2%2Fproduct_brand&post=9960"},{"taxonomy":"product_cat","embeddable":true,"href":"https:\/\/comcellstore.com\/index.php?rest_route=%2Fwp%2Fv2%2Fproduct_cat&post=9960"},{"taxonomy":"product_tag","embeddable":true,"href":"https:\/\/comcellstore.com\/index.php?rest_route=%2Fwp%2Fv2%2Fproduct_tag&post=9960"}],"curies":[{"name":"wp","href":"https:\/\/api.w.org\/{rel}","templated":true}]}}