{"id":9971,"date":"2025-02-05T13:57:25","date_gmt":"2025-02-05T13:57:25","guid":{"rendered":"https:\/\/comcellstore.com\/?post_type=product&#038;p=9971"},"modified":"2025-05-27T20:12:18","modified_gmt":"2025-05-27T20:12:18","slug":"cable-tipo-c-vlt-a011","status":"publish","type":"product","link":"https:\/\/comcellstore.com\/?product=cable-tipo-c-vlt-a011","title":{"rendered":"VOLT <br>VLT-A011"},"content":{"rendered":"<ul>\n<li>Tipo : Cable para carga y transferencia de datos a alta velocidad<\/li>\n<li>Tipo de conector : Tipo C macho a USB 2.0 A macho<\/li>\n<li>Calibre del cable : 28 AWG<\/li>\n<li>Velocidad de transmisi\u00f3n : Admite velocidades de hasta 480Mbps<\/li>\n<li>Conductor : Cobre esta\u00f1ado<\/li>\n<li>Revestimiento : Pl\u00e1stico PVC<\/li>\n<li>Di\u00e1metro externo : 3,8mm<\/li>\n<li>Longitud : 1.8 m<\/li>\n<li>Peso : 38g<\/li>\n<\/ul>\n","protected":false},"excerpt":{"rendered":"<h2><span style=\"color: #33cccc;\">Cable con conector Tipo C macho a USB 2.0 macho<\/span><\/h2>\n<p>El cable tiene un dise\u00f1o tipo C reversible que simplifica la conexi\u00f3n, ya que el cable se puede enchufar en cualquier direcci\u00f3n. Ideal para cargar y sincronizar tus dispositivos.<\/p>\n","protected":false},"featured_media":9973,"comment_status":"closed","ping_status":"closed","template":"","meta":[],"product_brand":[125],"product_cat":[49,51],"product_tag":[],"class_list":{"0":"post-9971","1":"product","2":"type-product","3":"status-publish","4":"has-post-thumbnail","6":"product_brand-volt","7":"product_cat-accesorios-moviles","8":"product_cat-cables","10":"first","11":"instock","12":"taxable","13":"shipping-taxable","14":"purchasable","15":"product-type-simple"},"_links":{"self":[{"href":"https:\/\/comcellstore.com\/index.php?rest_route=\/wp\/v2\/product\/9971","targetHints":{"allow":["GET"]}}],"collection":[{"href":"https:\/\/comcellstore.com\/index.php?rest_route=\/wp\/v2\/product"}],"about":[{"href":"https:\/\/comcellstore.com\/index.php?rest_route=\/wp\/v2\/types\/product"}],"replies":[{"embeddable":true,"href":"https:\/\/comcellstore.com\/index.php?rest_route=%2Fwp%2Fv2%2Fcomments&post=9971"}],"version-history":[{"count":3,"href":"https:\/\/comcellstore.com\/index.php?rest_route=\/wp\/v2\/product\/9971\/revisions"}],"predecessor-version":[{"id":10006,"href":"https:\/\/comcellstore.com\/index.php?rest_route=\/wp\/v2\/product\/9971\/revisions\/10006"}],"wp:featuredmedia":[{"embeddable":true,"href":"https:\/\/comcellstore.com\/index.php?rest_route=\/wp\/v2\/media\/9973"}],"wp:attachment":[{"href":"https:\/\/comcellstore.com\/index.php?rest_route=%2Fwp%2Fv2%2Fmedia&parent=9971"}],"wp:term":[{"taxonomy":"product_brand","embeddable":true,"href":"https:\/\/comcellstore.com\/index.php?rest_route=%2Fwp%2Fv2%2Fproduct_brand&post=9971"},{"taxonomy":"product_cat","embeddable":true,"href":"https:\/\/comcellstore.com\/index.php?rest_route=%2Fwp%2Fv2%2Fproduct_cat&post=9971"},{"taxonomy":"product_tag","embeddable":true,"href":"https:\/\/comcellstore.com\/index.php?rest_route=%2Fwp%2Fv2%2Fproduct_tag&post=9971"}],"curies":[{"name":"wp","href":"https:\/\/api.w.org\/{rel}","templated":true}]}}