{"id":9982,"date":"2025-02-05T14:36:15","date_gmt":"2025-02-05T14:36:15","guid":{"rendered":"https:\/\/comcellstore.com\/?post_type=product&#038;p=9982"},"modified":"2025-05-27T21:04:01","modified_gmt":"2025-05-27T21:04:01","slug":"case-gaming-boe-equus-b-y","status":"publish","type":"product","link":"https:\/\/comcellstore.com\/?product=case-gaming-boe-equus-b-y","title":{"rendered":"BOETEC <br>Boe-Equus B-Y"},"content":{"rendered":"<ul>\n<li>Factor de forma : torre media<\/li>\n<li>Material : Acero + Pl\u00e1stico + Acr\u00edlico + Vidrio templado<\/li>\n<li>Panel lateral : Tipo Izquierdo + Vidrio templado deslizante<\/li>\n<li>Acceso y control : Encendido, reinicio<\/li>\n<li>1 x Tipo C, 1 x USB 2.0<\/li>\n<li>1 x USB 2.0, micr\u00f3fono + audio HD<\/li>\n<li>Dimensiones : 455 x 210 x 485 (DWH)<\/li>\n<li>Compatibilidad : Soporte de placa base E-ATX\/ATX\/Micro-ATX\/Mini-ITX<\/li>\n<li>Ventilador ARGB de 3*120 mm preinstalado<\/li>\n<\/ul>\n","protected":false},"excerpt":{"rendered":"<h2 class=\"product_title entry-title\"><span style=\"color: #33cccc;\">CASE GAMER BOETEC BOE-EQUUS B-Y<\/span><\/h2>\n<p>Case de torre media perfecta para los gamers, sorprender a todos con las fabulosas iluminaciones RGB, cuenta con un buen flujo de aire y un excelente dise\u00f1o, adem\u00e1s de un panel lateral de vidrio que resaltar\u00e1 todos sus componentes.<\/p>\n","protected":false},"featured_media":9983,"comment_status":"closed","ping_status":"closed","template":"","meta":[],"product_brand":[126],"product_cat":[127,57],"product_tag":[],"class_list":{"0":"post-9982","1":"product","2":"type-product","3":"status-publish","4":"has-post-thumbnail","6":"product_brand-boetec","7":"product_cat-case","8":"product_cat-auricularesteclados-mecanicos-ratones","10":"first","11":"instock","12":"taxable","13":"shipping-taxable","14":"purchasable","15":"product-type-simple"},"_links":{"self":[{"href":"https:\/\/comcellstore.com\/index.php?rest_route=\/wp\/v2\/product\/9982","targetHints":{"allow":["GET"]}}],"collection":[{"href":"https:\/\/comcellstore.com\/index.php?rest_route=\/wp\/v2\/product"}],"about":[{"href":"https:\/\/comcellstore.com\/index.php?rest_route=\/wp\/v2\/types\/product"}],"replies":[{"embeddable":true,"href":"https:\/\/comcellstore.com\/index.php?rest_route=%2Fwp%2Fv2%2Fcomments&post=9982"}],"version-history":[{"count":3,"href":"https:\/\/comcellstore.com\/index.php?rest_route=\/wp\/v2\/product\/9982\/revisions"}],"predecessor-version":[{"id":10004,"href":"https:\/\/comcellstore.com\/index.php?rest_route=\/wp\/v2\/product\/9982\/revisions\/10004"}],"wp:featuredmedia":[{"embeddable":true,"href":"https:\/\/comcellstore.com\/index.php?rest_route=\/wp\/v2\/media\/9983"}],"wp:attachment":[{"href":"https:\/\/comcellstore.com\/index.php?rest_route=%2Fwp%2Fv2%2Fmedia&parent=9982"}],"wp:term":[{"taxonomy":"product_brand","embeddable":true,"href":"https:\/\/comcellstore.com\/index.php?rest_route=%2Fwp%2Fv2%2Fproduct_brand&post=9982"},{"taxonomy":"product_cat","embeddable":true,"href":"https:\/\/comcellstore.com\/index.php?rest_route=%2Fwp%2Fv2%2Fproduct_cat&post=9982"},{"taxonomy":"product_tag","embeddable":true,"href":"https:\/\/comcellstore.com\/index.php?rest_route=%2Fwp%2Fv2%2Fproduct_tag&post=9982"}],"curies":[{"name":"wp","href":"https:\/\/api.w.org\/{rel}","templated":true}]}}