{"id":9989,"date":"2025-02-05T15:28:17","date_gmt":"2025-02-05T15:28:17","guid":{"rendered":"https:\/\/comcellstore.com\/?post_type=product&#038;p=9989"},"modified":"2025-07-08T14:46:20","modified_gmt":"2025-07-08T14:46:20","slug":"mouse-gaming-g-kyrios","status":"publish","type":"product","link":"https:\/\/comcellstore.com\/?product=mouse-gaming-g-kyrios","title":{"rendered":"BOETEC <br>G-KYRIOS"},"content":{"rendered":"<ul>\n<li>Resoluci\u00f3n : 800\/1600\/2400\/3200\/4800\/6400DPI<\/li>\n<li>Interfaz del sistema : Puerto USB disponible para PC.<\/li>\n<li>Luces LED<\/li>\n<li>Fuerza de accionamiento de la tecla central : 7010gf<\/li>\n<li>Peso: 130 g (incluido el material del alambre)<\/li>\n<li>Teclas funcionales 7<\/li>\n<li>Longitud del cable : 1,5 M<\/li>\n<li>Velocidad m\u00e1xima de seguimiento de 60 pulgadas\/seg.<\/li>\n<\/ul>\n","protected":false},"excerpt":{"rendered":"<h2 class=\"product_title entry-title\"><span style=\"color: #33cccc;\">MOUSE GAMER BOETEC G-KYRIOS RGB<\/span><\/h2>\n<p>Este mouse combina funciones avanzadas con una iluminaci\u00f3n vibrante y personalizable que transformar\u00e1 tu estaci\u00f3n de trabajo en un espect\u00e1culo de colores.<\/p>\n","protected":false},"featured_media":9993,"comment_status":"closed","ping_status":"closed","template":"","meta":[],"product_brand":[126],"product_cat":[76,56,57,78],"product_tag":[],"class_list":{"0":"post-9989","1":"product","2":"type-product","3":"status-publish","4":"has-post-thumbnail","6":"product_brand-boetec","7":"product_cat-accesorios-gaming","8":"product_cat-auriculares-mouse-teclados","9":"product_cat-auricularesteclados-mecanicos-ratones","10":"product_cat-raton-gaming","12":"first","13":"instock","14":"taxable","15":"shipping-taxable","16":"purchasable","17":"product-type-simple"},"_links":{"self":[{"href":"https:\/\/comcellstore.com\/index.php?rest_route=\/wp\/v2\/product\/9989","targetHints":{"allow":["GET"]}}],"collection":[{"href":"https:\/\/comcellstore.com\/index.php?rest_route=\/wp\/v2\/product"}],"about":[{"href":"https:\/\/comcellstore.com\/index.php?rest_route=\/wp\/v2\/types\/product"}],"replies":[{"embeddable":true,"href":"https:\/\/comcellstore.com\/index.php?rest_route=%2Fwp%2Fv2%2Fcomments&post=9989"}],"version-history":[{"count":3,"href":"https:\/\/comcellstore.com\/index.php?rest_route=\/wp\/v2\/product\/9989\/revisions"}],"predecessor-version":[{"id":10002,"href":"https:\/\/comcellstore.com\/index.php?rest_route=\/wp\/v2\/product\/9989\/revisions\/10002"}],"wp:featuredmedia":[{"embeddable":true,"href":"https:\/\/comcellstore.com\/index.php?rest_route=\/wp\/v2\/media\/9993"}],"wp:attachment":[{"href":"https:\/\/comcellstore.com\/index.php?rest_route=%2Fwp%2Fv2%2Fmedia&parent=9989"}],"wp:term":[{"taxonomy":"product_brand","embeddable":true,"href":"https:\/\/comcellstore.com\/index.php?rest_route=%2Fwp%2Fv2%2Fproduct_brand&post=9989"},{"taxonomy":"product_cat","embeddable":true,"href":"https:\/\/comcellstore.com\/index.php?rest_route=%2Fwp%2Fv2%2Fproduct_cat&post=9989"},{"taxonomy":"product_tag","embeddable":true,"href":"https:\/\/comcellstore.com\/index.php?rest_route=%2Fwp%2Fv2%2Fproduct_tag&post=9989"}],"curies":[{"name":"wp","href":"https:\/\/api.w.org\/{rel}","templated":true}]}}