{"id":9996,"date":"2025-02-05T15:37:54","date_gmt":"2025-02-05T15:37:54","guid":{"rendered":"https:\/\/comcellstore.com\/?post_type=product&#038;p=9996"},"modified":"2025-07-08T14:46:57","modified_gmt":"2025-07-08T14:46:57","slug":"mouse-gaming-qs-303","status":"publish","type":"product","link":"https:\/\/comcellstore.com\/?product=mouse-gaming-qs-303","title":{"rendered":"BOETEC <br>QS-303"},"content":{"rendered":"<ul>\n<li>Resoluci\u00f3n : 1200\/2400\/3200\/7200DPI<\/li>\n<li>Interfaz : USB<\/li>\n<li>Luces LED<\/li>\n<li>Cable trenzado<\/li>\n<li>7 teclas funcionales<\/li>\n<\/ul>\n","protected":false},"excerpt":{"rendered":"<h2 class=\"product_title entry-title\"><span style=\"color: #33cccc;\">MOUSE GAMER BOETEC QS-303 RGB<\/span><\/h2>\n<p>Este mouse combina funciones avanzadas con efecto de luces coloridos y hermosos. Botones mec\u00e1nicos de juego profesional, con una vida \u00fatil de hasta 1 mill\u00f3n de clic efectivos y ruedas de goma antideslizantes para mayor comodidad.<\/p>\n","protected":false},"featured_media":9991,"comment_status":"closed","ping_status":"closed","template":"","meta":[],"product_brand":[126],"product_cat":[76,56,57,78],"product_tag":[],"class_list":{"0":"post-9996","1":"product","2":"type-product","3":"status-publish","4":"has-post-thumbnail","6":"product_brand-boetec","7":"product_cat-accesorios-gaming","8":"product_cat-auriculares-mouse-teclados","9":"product_cat-auricularesteclados-mecanicos-ratones","10":"product_cat-raton-gaming","12":"first","13":"instock","14":"taxable","15":"shipping-taxable","16":"purchasable","17":"product-type-simple"},"_links":{"self":[{"href":"https:\/\/comcellstore.com\/index.php?rest_route=\/wp\/v2\/product\/9996","targetHints":{"allow":["GET"]}}],"collection":[{"href":"https:\/\/comcellstore.com\/index.php?rest_route=\/wp\/v2\/product"}],"about":[{"href":"https:\/\/comcellstore.com\/index.php?rest_route=\/wp\/v2\/types\/product"}],"replies":[{"embeddable":true,"href":"https:\/\/comcellstore.com\/index.php?rest_route=%2Fwp%2Fv2%2Fcomments&post=9996"}],"version-history":[{"count":2,"href":"https:\/\/comcellstore.com\/index.php?rest_route=\/wp\/v2\/product\/9996\/revisions"}],"predecessor-version":[{"id":10001,"href":"https:\/\/comcellstore.com\/index.php?rest_route=\/wp\/v2\/product\/9996\/revisions\/10001"}],"wp:featuredmedia":[{"embeddable":true,"href":"https:\/\/comcellstore.com\/index.php?rest_route=\/wp\/v2\/media\/9991"}],"wp:attachment":[{"href":"https:\/\/comcellstore.com\/index.php?rest_route=%2Fwp%2Fv2%2Fmedia&parent=9996"}],"wp:term":[{"taxonomy":"product_brand","embeddable":true,"href":"https:\/\/comcellstore.com\/index.php?rest_route=%2Fwp%2Fv2%2Fproduct_brand&post=9996"},{"taxonomy":"product_cat","embeddable":true,"href":"https:\/\/comcellstore.com\/index.php?rest_route=%2Fwp%2Fv2%2Fproduct_cat&post=9996"},{"taxonomy":"product_tag","embeddable":true,"href":"https:\/\/comcellstore.com\/index.php?rest_route=%2Fwp%2Fv2%2Fproduct_tag&post=9996"}],"curies":[{"name":"wp","href":"https:\/\/api.w.org\/{rel}","templated":true}]}}